{"id":484,"date":"2022-02-22T14:47:04","date_gmt":"2022-02-22T14:47:04","guid":{"rendered":"https:\/\/drvokastela.hr\/?page_id=484"},"modified":"2022-02-24T20:38:56","modified_gmt":"2022-02-24T20:38:56","slug":"impressum","status":"publish","type":"page","link":"https:\/\/drvokastela.hr\/?page_id=484","title":{"rendered":"Impressum"},"content":{"rendered":"\t\t<div data-elementor-type=\"wp-page\" data-elementor-id=\"484\" class=\"elementor elementor-484\" data-elementor-settings=\"[]\">\n\t\t\t\t\t\t\t<div class=\"elementor-section-wrap\">\n\t\t\t\t\t\t\t<section class=\"elementor-section elementor-top-section elementor-element elementor-element-e48af6d elementor-section-boxed elementor-section-height-default elementor-section-height-default\" data-id=\"e48af6d\" data-element_type=\"section\">\n\t\t\t\t\t\t<div class=\"elementor-container elementor-column-gap-default\">\n\t\t\t\t\t<div class=\"elementor-column elementor-col-100 elementor-top-column elementor-element elementor-element-6b1e65a\" data-id=\"6b1e65a\" data-element_type=\"column\">\n\t\t\t<div class=\"elementor-widget-wrap elementor-element-populated\">\n\t\t\t\t\t\t\t\t<div class=\"elementor-element elementor-element-f8dfa6e elementor-widget elementor-widget-text-editor\" data-id=\"f8dfa6e\" data-element_type=\"widget\" data-widget_type=\"text-editor.default\">\n\t\t\t\t<div class=\"elementor-widget-container\">\n\t\t\t<style>\/*! elementor - v3.5.5 - 03-02-2022 *\/\n.elementor-widget-text-editor.elementor-drop-cap-view-stacked .elementor-drop-cap{background-color:#818a91;color:#fff}.elementor-widget-text-editor.elementor-drop-cap-view-framed .elementor-drop-cap{color:#818a91;border:3px solid;background-color:transparent}.elementor-widget-text-editor:not(.elementor-drop-cap-view-default) .elementor-drop-cap{margin-top:8px}.elementor-widget-text-editor:not(.elementor-drop-cap-view-default) .elementor-drop-cap-letter{width:1em;height:1em}.elementor-widget-text-editor .elementor-drop-cap{float:left;text-align:center;line-height:1;font-size:50px}.elementor-widget-text-editor .elementor-drop-cap-letter{display:inline-block}<\/style>\t\t\t\t<p>Skra\u0107eni naziv: DRVO KA\u0160TELA j.d.o.o.<\/p><p>Adresa: Bragadinova 9, Ka\u0161tel Stari<\/p><p>MB: 04567382<\/p><p>OIB: 05192253492<\/p><p>Vlasnik: Marija Melvan<\/p><p>\u00a0<\/p><p>Sudski registar: Trgova\u010dki sud u Splitu<\/p><p>Banka: Hrvatska po\u0161tanska banka, dioni\u010dko dru\u0161tvo<\/p><p>Adresa banke: Juri\u0161i\u0107eva 4, HR-10000 Zagreb<\/p><p>\u00a0<\/p><p>Temeljni kapital: 10,00 kuna<\/p><p>\u00a0<\/p><p>IBAN: HR9023900011100962122<\/p><p>SWIFT (BIC): HPBZHR2X<\/p>\t\t\t\t\t\t<\/div>\n\t\t\t\t<\/div>\n\t\t\t\t\t<\/div>\n\t\t<\/div>\n\t\t\t\t\t\t\t<\/div>\n\t\t<\/section>\n\t\t\t\t\t\t<\/div>\n\t\t\t\t\t<\/div>\n\t\t","protected":false},"excerpt":{"rendered":"<p>Skra\u0107eni naziv: DRVO KA\u0160TELA j.d.o.o. Adresa: Bragadinova 9, Ka\u0161tel Stari MB: 04567382 OIB: 05192253492 Vlasnik: Marija Melvan \u00a0 Sudski registar: Trgova\u010dki sud u Splitu Banka: Hrvatska po\u0161tanska banka, dioni\u010dko dru\u0161tvo Adresa banke: Juri\u0161i\u0107eva 4, HR-10000 Zagreb \u00a0 Temeljni kapital: 10,00 kuna \u00a0 IBAN: HR9023900011100962122 SWIFT (BIC): HPBZHR2X<\/p>\n","protected":false},"author":2,"featured_media":0,"parent":0,"menu_order":0,"comment_status":"closed","ping_status":"closed","template":"","meta":{"footnotes":""},"class_list":["post-484","page","type-page","status-publish","hentry"],"yoast_head":"<!-- This site is optimized with the Yoast SEO plugin v18.2 - https:\/\/yoast.com\/wordpress\/plugins\/seo\/ -->\n<title>Impressum - Drvo Ka\u0161tela j.d.o.o.<\/title>\n<meta name=\"description\" content=\"Tvrtka DRVO KA\u0160TELA j.d.o.o.je poduze\u0107e s djelatnostima kupovina, prodaja, monta\u017ea , obrada drveta, namje\u0161taja poslovne i prodajne prostore.\" \/>\n<meta name=\"robots\" content=\"index, follow, max-snippet:-1, max-image-preview:large, max-video-preview:-1\" \/>\n<link rel=\"canonical\" href=\"https:\/\/drvokastela.hr\/?page_id=484\" \/>\n<meta property=\"og:locale\" content=\"en_US\" \/>\n<meta property=\"og:type\" content=\"article\" \/>\n<meta property=\"og:title\" content=\"Impressum - Drvo Ka\u0161tela j.d.o.o.\" \/>\n<meta property=\"og:description\" content=\"Tvrtka DRVO KA\u0160TELA j.d.o.o.je poduze\u0107e s djelatnostima kupovina, prodaja, monta\u017ea , obrada drveta, namje\u0161taja poslovne i prodajne prostore.\" \/>\n<meta property=\"og:url\" content=\"https:\/\/drvokastela.hr\/?page_id=484\" \/>\n<meta property=\"og:site_name\" content=\"Drvo Ka\u0161tela j.d.o.o.\" \/>\n<meta property=\"article:modified_time\" content=\"2022-02-24T20:38:56+00:00\" \/>\n<meta name=\"twitter:card\" content=\"summary_large_image\" \/>\n<script type=\"application\/ld+json\" class=\"yoast-schema-graph\">{\"@context\":\"https:\/\/schema.org\",\"@graph\":[{\"@type\":\"WebSite\",\"@id\":\"https:\/\/drvokastela.hr\/#website\",\"url\":\"https:\/\/drvokastela.hr\/\",\"name\":\"Drvo Ka\u0161tela j.d.o.o.\",\"description\":\"drvene terase i zidne obloge\",\"potentialAction\":[{\"@type\":\"SearchAction\",\"target\":{\"@type\":\"EntryPoint\",\"urlTemplate\":\"https:\/\/drvokastela.hr\/?s={search_term_string}\"},\"query-input\":\"required name=search_term_string\"}],\"inLanguage\":\"en-US\"},{\"@type\":\"WebPage\",\"@id\":\"https:\/\/drvokastela.hr\/?page_id=484#webpage\",\"url\":\"https:\/\/drvokastela.hr\/?page_id=484\",\"name\":\"Impressum - Drvo Ka\u0161tela j.d.o.o.\",\"isPartOf\":{\"@id\":\"https:\/\/drvokastela.hr\/#website\"},\"datePublished\":\"2022-02-22T14:47:04+00:00\",\"dateModified\":\"2022-02-24T20:38:56+00:00\",\"description\":\"Tvrtka DRVO KA\u0160TELA j.d.o.o.je poduze\u0107e s djelatnostima kupovina, prodaja, monta\u017ea , obrada drveta, namje\u0161taja poslovne i prodajne prostore.\",\"breadcrumb\":{\"@id\":\"https:\/\/drvokastela.hr\/?page_id=484#breadcrumb\"},\"inLanguage\":\"en-US\",\"potentialAction\":[{\"@type\":\"ReadAction\",\"target\":[\"https:\/\/drvokastela.hr\/?page_id=484\"]}]},{\"@type\":\"BreadcrumbList\",\"@id\":\"https:\/\/drvokastela.hr\/?page_id=484#breadcrumb\",\"itemListElement\":[{\"@type\":\"ListItem\",\"position\":1,\"name\":\"Home\",\"item\":\"https:\/\/drvokastela.hr\/\"},{\"@type\":\"ListItem\",\"position\":2,\"name\":\"Impressum\"}]}]}<\/script>\n<!-- \/ Yoast SEO plugin. -->","yoast_head_json":{"title":"Impressum - Drvo Ka\u0161tela j.d.o.o.","description":"Tvrtka DRVO KA\u0160TELA j.d.o.o.je poduze\u0107e s djelatnostima kupovina, prodaja, monta\u017ea , obrada drveta, namje\u0161taja poslovne i prodajne prostore.","robots":{"index":"index","follow":"follow","max-snippet":"max-snippet:-1","max-image-preview":"max-image-preview:large","max-video-preview":"max-video-preview:-1"},"canonical":"https:\/\/drvokastela.hr\/?page_id=484","og_locale":"en_US","og_type":"article","og_title":"Impressum - Drvo Ka\u0161tela j.d.o.o.","og_description":"Tvrtka DRVO KA\u0160TELA j.d.o.o.je poduze\u0107e s djelatnostima kupovina, prodaja, monta\u017ea , obrada drveta, namje\u0161taja poslovne i prodajne prostore.","og_url":"https:\/\/drvokastela.hr\/?page_id=484","og_site_name":"Drvo Ka\u0161tela j.d.o.o.","article_modified_time":"2022-02-24T20:38:56+00:00","twitter_card":"summary_large_image","schema":{"@context":"https:\/\/schema.org","@graph":[{"@type":"WebSite","@id":"https:\/\/drvokastela.hr\/#website","url":"https:\/\/drvokastela.hr\/","name":"Drvo Ka\u0161tela j.d.o.o.","description":"drvene terase i zidne obloge","potentialAction":[{"@type":"SearchAction","target":{"@type":"EntryPoint","urlTemplate":"https:\/\/drvokastela.hr\/?s={search_term_string}"},"query-input":"required name=search_term_string"}],"inLanguage":"en-US"},{"@type":"WebPage","@id":"https:\/\/drvokastela.hr\/?page_id=484#webpage","url":"https:\/\/drvokastela.hr\/?page_id=484","name":"Impressum - Drvo Ka\u0161tela j.d.o.o.","isPartOf":{"@id":"https:\/\/drvokastela.hr\/#website"},"datePublished":"2022-02-22T14:47:04+00:00","dateModified":"2022-02-24T20:38:56+00:00","description":"Tvrtka DRVO KA\u0160TELA j.d.o.o.je poduze\u0107e s djelatnostima kupovina, prodaja, monta\u017ea , obrada drveta, namje\u0161taja poslovne i prodajne prostore.","breadcrumb":{"@id":"https:\/\/drvokastela.hr\/?page_id=484#breadcrumb"},"inLanguage":"en-US","potentialAction":[{"@type":"ReadAction","target":["https:\/\/drvokastela.hr\/?page_id=484"]}]},{"@type":"BreadcrumbList","@id":"https:\/\/drvokastela.hr\/?page_id=484#breadcrumb","itemListElement":[{"@type":"ListItem","position":1,"name":"Home","item":"https:\/\/drvokastela.hr\/"},{"@type":"ListItem","position":2,"name":"Impressum"}]}]}},"_links":{"self":[{"href":"https:\/\/drvokastela.hr\/index.php?rest_route=\/wp\/v2\/pages\/484","targetHints":{"allow":["GET"]}}],"collection":[{"href":"https:\/\/drvokastela.hr\/index.php?rest_route=\/wp\/v2\/pages"}],"about":[{"href":"https:\/\/drvokastela.hr\/index.php?rest_route=\/wp\/v2\/types\/page"}],"author":[{"embeddable":true,"href":"https:\/\/drvokastela.hr\/index.php?rest_route=\/wp\/v2\/users\/2"}],"replies":[{"embeddable":true,"href":"https:\/\/drvokastela.hr\/index.php?rest_route=%2Fwp%2Fv2%2Fcomments&post=484"}],"version-history":[{"count":7,"href":"https:\/\/drvokastela.hr\/index.php?rest_route=\/wp\/v2\/pages\/484\/revisions"}],"predecessor-version":[{"id":561,"href":"https:\/\/drvokastela.hr\/index.php?rest_route=\/wp\/v2\/pages\/484\/revisions\/561"}],"wp:attachment":[{"href":"https:\/\/drvokastela.hr\/index.php?rest_route=%2Fwp%2Fv2%2Fmedia&parent=484"}],"curies":[{"name":"wp","href":"https:\/\/api.w.org\/{rel}","templated":true}]}}